{"id":7,"date":"2014-02-19T19:11:19","date_gmt":"2014-02-19T19:11:19","guid":{"rendered":"http:\/\/panelsc.pl\/?page_id=7"},"modified":"2016-09-24T22:02:31","modified_gmt":"2016-09-24T22:02:31","slug":"oferta","status":"publish","type":"page","link":"https:\/\/panelsc.pl\/?page_id=7","title":{"rendered":"Oferta"},"content":{"rendered":"[et_pb_section admin_label=&#8221;Section&#8221; fullwidth=&#8221;off&#8221; specialty=&#8221;off&#8221; transparent_background=&#8221;on&#8221; allow_player_pause=&#8221;off&#8221; inner_shadow=&#8221;off&#8221; parallax=&#8221;off&#8221; parallax_method=&#8221;off&#8221; custom_padding=&#8221;0px|0px|0px|0px&#8221; padding_mobile=&#8221;off&#8221; make_fullwidth=&#8221;off&#8221; use_custom_width=&#8221;off&#8221; width_unit=&#8221;on&#8221; make_equal=&#8221;off&#8221; use_custom_gutter=&#8221;off&#8221; background_color=&#8221;#ffffff&#8221;][et_pb_row admin_label=&#8221;Row&#8221; make_fullwidth=&#8221;off&#8221; use_custom_width=&#8221;off&#8221; width_unit=&#8221;on&#8221; use_custom_gutter=&#8221;off&#8221; padding_mobile=&#8221;off&#8221; allow_player_pause=&#8221;off&#8221; parallax=&#8221;off&#8221; parallax_method=&#8221;off&#8221; make_equal=&#8221;off&#8221; parallax_1=&#8221;off&#8221; parallax_method_1=&#8221;off&#8221; column_padding_mobile=&#8221;on&#8221;][et_pb_column type=&#8221;4_4&#8243;][et_pb_text admin_label=&#8221;Text&#8221; background_layout=&#8221;light&#8221; text_orientation=&#8221;justified&#8221; text_font_size=&#8221;16&#8243; use_border_color=&#8221;off&#8221; border_color=&#8221;#ffffff&#8221; border_style=&#8221;solid&#8221;]\n<p>Przedsi\u0119biorstwo Wielobran\u017cowe \u201ePANEL\u201d Sp\u00f3\u0142ka Cywilna rozpocz\u0119\u0142o swoj\u0105 dzia\u0142alno\u015b\u0107 w 1995 roku.<br \/>\nSpecjalizujemy si\u0119 w kompleksowej obs\u0142udze inwestycji remontowo-budowlanych .<br \/>\nW ostatnich latach skupili\u015bmy si\u0119 na realizacjach inwestycji komercyjnych w centrach i galeriach handlowych na terenie Polski oraz Unii Europejskiej.<br \/>\nWykonali\u015bmy kilkaset obiekt\u00f3w handlowych, us\u0142ugowych oraz gastronomicznych.<br \/>\nBy sprosta\u0107 oczekiwaniom naszych klient\u00f3w stale podnosimy swoje kwalifikacje uczestnicz\u0105c w licznych targach i szkoleniach bran\u017cowych.<br \/>\nDysponujemy nowoczesnym wyposa\u017ceniem sprz\u0119towym oraz posiadamy zaplecze techniczno- magazynowe, kt\u00f3re pozwala na bardzo sprawne przygotowanie organizacyjne.<br \/>\nJeste\u015bmy w\u0142a\u015bcicielami kilku samochod\u00f3w dostawczych co umo\u017cliwia nam prowadzenie prac jednocze\u015bnie w r\u00f3\u017cnych miastach w Polsce lub na terenie Unii Europejskiej.<br \/>\nPonadto jeste\u015bmy przygotowani do szybkiego i starannego prowadzenia rozlicze\u0144<br \/>\nz zamawiaj\u0105cym w oparciu o komputerowy system kosztorysowania NORMA.<br \/>\nBy zwi\u0119kszy\u0107 atrakcyjno\u015b\u0107 naszych us\u0142ug wsp\u00f3\u0142pracujemy z kilkoma biurami projektowymi ,<\/p>\n<p>Nasza firma posiada ubezpieczenie OC w PZU na kwot\u0119 1 mln z\u0142.<\/p>\n<p>P.W.\u201dPANEL\u201dS.C. nie ogranicza swojej dzia\u0142alno\u015bci do prac w centrach handlowych .<br \/>\nWykonujemy prace wyko\u0144czeniowe oraz remontowe dla os\u00f3b fizycznych, firm oraz w obiektach u\u017cyteczno\u015bci publicznej.<br \/>\nWykonali\u015bmy szereg specjalistycznych prac w du\u017cych zak\u0142adach przemys\u0142owych.<\/p>\n<p><strong>Naszym inwestorom gwarantujemy:<\/strong><\/p>\n<p>&#8211; dotrzymanie wszystkich ustalonych harmonogramem termin\u00f3w<br \/>\n&#8211; wysok\u0105 jako\u015b\u0107 rob\u00f3t wykonywanych z materia\u0142\u00f3w posiadaj\u0105cych stosowne atesty<br \/>\n&#8211; konkurencyjne ceny \u015bwiadczonych us\u0142ug.<br \/>\n&#8211; w razie konieczno\u015bci jeste\u015bmy w stanie prowadzi\u0107 prace w systemie 24 godzinnym 7 dni w tygodniu.<\/p>\n<p>Wszystkie zrealizowane przez nas inwestycje s\u0105 najlepsz\u0105 reklam\u0105. Z pe\u0142na odpowiedzialno\u015bci\u0105 zach\u0119camy Pa\u0144stwa do skorzystania z naszych us\u0142ug.<\/p>\n[\/et_pb_text][\/et_pb_column][\/et_pb_row][\/et_pb_section]\n","protected":false},"excerpt":{"rendered":"<p>Przedsi\u0119biorstwo Wielobran\u017cowe \u201ePANEL\u201d Sp\u00f3\u0142ka Cywilna&#8230;<\/p>\n","protected":false},"author":1,"featured_media":0,"parent":0,"menu_order":0,"comment_status":"open","ping_status":"open","template":"page-templates\/full-width.php","meta":{"_et_pb_use_builder":"on","_et_pb_old_content":"<p>Przedsi\u0119biorstwo Wielobran\u017cowe \u201ePANEL\u201d Sp\u00f3\u0142ka Cywilna rozpocz\u0119\u0142o swoj\u0105 dzia\u0142alno\u015b\u0107 w 1995 roku.<br \/> Specjalizujemy si\u0119 w kompleksowej obs\u0142udze inwestycji remontowo-budowlanych .<br \/> W ostatnich latach skupili\u015bmy si\u0119 na realizacjach inwestycji komercyjnych w centrach i galeriach handlowych na terenie Polski oraz Unii Europejskiej.<br \/> Wykonali\u015bmy kilkaset obiekt\u00f3w handlowych, us\u0142ugowych oraz gastronomicznych.<br \/> By sprosta\u0107 oczekiwaniom naszych klient\u00f3w stale podnosimy swoje kwalifikacje uczestnicz\u0105c w licznych targach i szkoleniach bran\u017cowych.<br \/> Dysponujemy nowoczesnym wyposa\u017ceniem sprz\u0119towym oraz posiadamy zaplecze techniczno- magazynowe, kt\u00f3re pozwala na bardzo sprawne przygotowanie organizacyjne.<br \/> Jeste\u015bmy w\u0142a\u015bcicielami kilku samochod\u00f3w dostawczych co umo\u017cliwia nam prowadzenie prac jednocze\u015bnie w r\u00f3\u017cnych miastach w Polsce lub na terenie Unii Europejskiej.<br \/> Ponadto jeste\u015bmy przygotowani do szybkiego i starannego prowadzenia rozlicze\u0144<br \/> z zamawiaj\u0105cym w oparciu o komputerowy system kosztorysowania NORMA.<br \/> By zwi\u0119kszy\u0107 atrakcyjno\u015b\u0107 naszych us\u0142ug wsp\u00f3\u0142pracujemy z kilkoma biurami projektowymi ,<\/p><p>Nasza firma posiada ubezpieczenie OC w PZU na kwot\u0119 1 mln z\u0142.<\/p><p>P.W.\u201dPANEL\u201dS.C. nie ogranicza swojej dzia\u0142alno\u015bci do prac w centrach handlowych .<br \/> Wykonujemy prace wyko\u0144czeniowe oraz remontowe dla os\u00f3b fizycznych, firm oraz w obiektach u\u017cyteczno\u015bci publicznej.<br \/> Wykonali\u015bmy szereg specjalistycznych prac w du\u017cych zak\u0142adach przemys\u0142owych.<\/p><p><strong>Naszym inwestorom gwarantujemy:<\/strong><\/p><p>- dotrzymanie wszystkich ustalonych harmonogramem termin\u00f3w<br \/> - wysok\u0105 jako\u015b\u0107 rob\u00f3t wykonywanych z materia\u0142\u00f3w posiadaj\u0105cych stosowne atesty<br \/> - konkurencyjne ceny \u015bwiadczonych us\u0142ug.<br \/> - w razie konieczno\u015bci jeste\u015bmy w stanie prowadzi\u0107 prace w systemie 24 godzinnym 7 dni w<br \/> tygodniu.<\/p><p>Wszystkie zrealizowane przez nas inwestycje s\u0105 najlepsz\u0105 reklam\u0105 .<br \/> Z pe\u0142na odpowiedzialno\u015bci\u0105 zach\u0119camy Pa\u0144stwa do skorzystania z naszych us\u0142ug.<\/p>","_et_gb_content_width":"","ngg_post_thumbnail":0,"footnotes":""},"class_list":["post-7","page","type-page","status-publish","hentry"],"_links":{"self":[{"href":"https:\/\/panelsc.pl\/index.php?rest_route=\/wp\/v2\/pages\/7","targetHints":{"allow":["GET"]}}],"collection":[{"href":"https:\/\/panelsc.pl\/index.php?rest_route=\/wp\/v2\/pages"}],"about":[{"href":"https:\/\/panelsc.pl\/index.php?rest_route=\/wp\/v2\/types\/page"}],"author":[{"embeddable":true,"href":"https:\/\/panelsc.pl\/index.php?rest_route=\/wp\/v2\/users\/1"}],"replies":[{"embeddable":true,"href":"https:\/\/panelsc.pl\/index.php?rest_route=%2Fwp%2Fv2%2Fcomments&post=7"}],"version-history":[{"count":14,"href":"https:\/\/panelsc.pl\/index.php?rest_route=\/wp\/v2\/pages\/7\/revisions"}],"predecessor-version":[{"id":980,"href":"https:\/\/panelsc.pl\/index.php?rest_route=\/wp\/v2\/pages\/7\/revisions\/980"}],"wp:attachment":[{"href":"https:\/\/panelsc.pl\/index.php?rest_route=%2Fwp%2Fv2%2Fmedia&parent=7"}],"curies":[{"name":"wp","href":"https:\/\/api.w.org\/{rel}","templated":true}]}}