{"id":60,"date":"2014-02-24T09:47:45","date_gmt":"2014-02-24T09:47:45","guid":{"rendered":"http:\/\/panelsc.pl\/?page_id=60"},"modified":"2016-09-24T20:29:11","modified_gmt":"2016-09-24T20:29:11","slug":"o-firmie","status":"publish","type":"page","link":"https:\/\/panelsc.pl\/?page_id=60","title":{"rendered":"O firmie"},"content":{"rendered":"[et_pb_section admin_label=&#8221;Section&#8221; fullwidth=&#8221;off&#8221; specialty=&#8221;off&#8221; transparent_background=&#8221;on&#8221; background_color=&#8221;#ffffff&#8221; allow_player_pause=&#8221;off&#8221; inner_shadow=&#8221;off&#8221; parallax=&#8221;off&#8221; parallax_method=&#8221;off&#8221; padding_mobile=&#8221;off&#8221; make_fullwidth=&#8221;off&#8221; use_custom_width=&#8221;off&#8221; width_unit=&#8221;on&#8221; make_equal=&#8221;off&#8221; use_custom_gutter=&#8221;off&#8221; custom_padding=&#8221;0px|0px|0px|0px&#8221;][et_pb_row admin_label=&#8221;Row&#8221;][et_pb_column type=&#8221;4_4&#8243;][et_pb_text admin_label=&#8221;Text&#8221; background_layout=&#8221;light&#8221; text_orientation=&#8221;justified&#8221; use_border_color=&#8221;off&#8221; border_color=&#8221;#ffffff&#8221; border_style=&#8221;solid&#8221; text_font_size=&#8221;16&#8243;]\n<p>Przedsi\u0119biorstwo Wielobran\u017cowe&nbsp; \u201ePANEL\u201d Sp\u00f3\u0142ka Cywilna rozpocz\u0119\u0142o swoj\u0105 dzia\u0142alno\u015b\u0107 w 1995 roku. W\u0142a\u015bcicielami sp\u00f3\u0142ki s\u0105 mgr in\u017c. Dariusz Pardela i mgr in\u017c. Piotr Leganowski,&nbsp; absolwenci Politechniki Cz\u0119stochowskiej Wydzia\u0142u Budownictwa.<\/p>\n<p>Specjalizujemy si\u0119 w kompleksowej obs\u0142udze &nbsp;inwestycji remontowo-budowlanych. W ostatnich latach skupili\u015bmy si\u0119 na realizacjach inwestycji komercyjnych w centrach i galeriach handlowych na terenie Polski oraz Unii Europejskiej. Wykonali\u015bmy kilkaset obiekt\u00f3w handlowych, us\u0142ugowych oraz gastronomicznych. Wsp\u00f3\u0142tworzymy od samego pocz\u0105tku&nbsp; (od 1998 roku do chwili obecnej) rozw\u00f3j sieci salon\u00f3w jubilerskich Yes Bi\u017cuteria z Poznania &#8211; jako generalny wykonawca. Jako jedyny i generalny wykonawca rozwijamy najwi\u0119ksz\u0105 w Polsce sie\u0107 kantor\u00f3w wymiany walut Exchange Group (ponad 60 realizacji)<\/p>\n<p>P.W.\u201dPANEL\u201dS.C. nie ogranicza swojej dzia\u0142alno\u015bci do prac w centrach handlowych. Wykonujemy prace wyko\u0144czeniowe oraz remontowe dla os\u00f3b fizycznych, firm oraz w obiektach u\u017cyteczno\u015bci publicznej. Wykonali\u015bmy szereg specjalistycznych prac w du\u017cych zak\u0142adach przemys\u0142owych. Wszystkie zrealizowane przez nas inwestycje s\u0105 najlepsz\u0105 reklam\u0105. Z pe\u0142n\u0105 odpowiedzialno\u015bci\u0105 zach\u0119camy Pa\u0144stwa do skorzystania z naszych us\u0142ug.<\/p>\n[\/et_pb_text][\/et_pb_column][\/et_pb_row][\/et_pb_section]\n","protected":false},"excerpt":{"rendered":"<p>Przedsi\u0119biorstwo Wielobran\u017cowe&nbsp; \u201ePANEL\u201d Sp\u00f3\u0142ka&#8230;<\/p>\n","protected":false},"author":1,"featured_media":0,"parent":0,"menu_order":0,"comment_status":"open","ping_status":"open","template":"page-templates\/full-width.php","meta":{"_et_pb_use_builder":"on","_et_pb_old_content":"Przedsi\u0119biorstwo Wielobran\u017cowe  \u201ePANEL\u201d Sp\u00f3\u0142ka Cywilna rozpocz\u0119\u0142o swoj\u0105 dzia\u0142alno\u015b\u0107 w 1995 roku.\r\n\r\nW\u0142a\u015bcicielami sp\u00f3\u0142ki s\u0105 mgr in\u017c. Dariusz Pardela i mgr in\u017c. Piotr Leganowski,  absolwenci Politechniki Cz\u0119stochowskiej Wydzia\u0142u Budownictwa.\r\n\r\nSpecjalizujemy si\u0119 w kompleksowej obs\u0142udze  inwestycji remontowo-budowlanych .\r\n\r\nW ostatnich latach skupili\u015bmy si\u0119 na realizacjach inwestycji komercyjnych w centrach i galeriach handlowych na terenie Polski oraz Unii Europejskiej.\r\n\r\nWykonali\u015bmy kilkaset obiekt\u00f3w handlowych, us\u0142ugowych oraz gastronomicznych.\r\n\r\nWsp\u00f3\u0142tworzymy od samego pocz\u0105tku  (od 1998 roku do chwili obecnej) rozw\u00f3j sieci salon\u00f3w jubilerskich Yes Bi\u017cuteria z Poznania - jako generalny wykonawca.\r\n\r\nJako jedyny i generalny wykonawca rozwijamy najwi\u0119ksz\u0105 w Polsce sie\u0107 kantor\u00f3w wymiany walut Exchange Group (ponad 60 realizacji)\r\n\r\nP.W.\u201dPANEL\u201dS.C. nie ogranicza swojej dzia\u0142alno\u015bci do prac w centrach handlowych .\r\n\r\nWykonujemy prace wyko\u0144czeniowe oraz remontowe dla os\u00f3b fizycznych, firm oraz w obiektach u\u017cyteczno\u015bci publicznej.\r\n\r\nWykonali\u015bmy szereg specjalistycznych prac w du\u017cych zak\u0142adach przemys\u0142owych.\r\n\r\nWszystkie zrealizowane przez nas inwestycje s\u0105 najlepsz\u0105 reklam\u0105 .\r\n\r\nZ pe\u0142n\u0105 odpowiedzialno\u015bci\u0105 zach\u0119camy Pa\u0144stwa do skorzystania z naszych us\u0142ug.","_et_gb_content_width":"","ngg_post_thumbnail":0,"footnotes":""},"class_list":["post-60","page","type-page","status-publish","hentry"],"_links":{"self":[{"href":"https:\/\/panelsc.pl\/index.php?rest_route=\/wp\/v2\/pages\/60","targetHints":{"allow":["GET"]}}],"collection":[{"href":"https:\/\/panelsc.pl\/index.php?rest_route=\/wp\/v2\/pages"}],"about":[{"href":"https:\/\/panelsc.pl\/index.php?rest_route=\/wp\/v2\/types\/page"}],"author":[{"embeddable":true,"href":"https:\/\/panelsc.pl\/index.php?rest_route=\/wp\/v2\/users\/1"}],"replies":[{"embeddable":true,"href":"https:\/\/panelsc.pl\/index.php?rest_route=%2Fwp%2Fv2%2Fcomments&post=60"}],"version-history":[{"count":25,"href":"https:\/\/panelsc.pl\/index.php?rest_route=\/wp\/v2\/pages\/60\/revisions"}],"predecessor-version":[{"id":952,"href":"https:\/\/panelsc.pl\/index.php?rest_route=\/wp\/v2\/pages\/60\/revisions\/952"}],"wp:attachment":[{"href":"https:\/\/panelsc.pl\/index.php?rest_route=%2Fwp%2Fv2%2Fmedia&parent=60"}],"curies":[{"name":"wp","href":"https:\/\/api.w.org\/{rel}","templated":true}]}}