{"id":207,"date":"2014-02-26T07:20:18","date_gmt":"2014-02-26T07:20:18","guid":{"rendered":"http:\/\/panelsc.pl\/?page_id=207"},"modified":"2016-09-24T22:26:09","modified_gmt":"2016-09-24T22:26:09","slug":"sufity-napinane-dps","status":"publish","type":"page","link":"https:\/\/panelsc.pl\/?page_id=207","title":{"rendered":"Sufity napinane dps"},"content":{"rendered":"[et_pb_section admin_label=&#8221;section&#8221; transparent_background=&#8221;on&#8221; background_color=&#8221;#ffffff&#8221; allow_player_pause=&#8221;off&#8221; inner_shadow=&#8221;off&#8221; parallax=&#8221;off&#8221; parallax_method=&#8221;off&#8221; custom_padding=&#8221;0px|0px|0px|0px&#8221; padding_mobile=&#8221;off&#8221; make_fullwidth=&#8221;off&#8221; use_custom_width=&#8221;off&#8221; width_unit=&#8221;on&#8221; make_equal=&#8221;off&#8221; use_custom_gutter=&#8221;off&#8221;][et_pb_row admin_label=&#8221;row&#8221;][et_pb_column type=&#8221;4_4&#8243;][et_pb_text admin_label=&#8221;Text&#8221; background_layout=&#8221;light&#8221; text_orientation=&#8221;left&#8221; use_border_color=&#8221;off&#8221; border_color=&#8221;#ffffff&#8221; border_style=&#8221;solid&#8221;]\n<h2>JESTE\u015aMY DYSTRYBUTOREM I WYKONAWC\u0104 SUFIT\u00d3W NAPINANYCH DPS<\/h2>\n[\/et_pb_text][\/et_pb_column][\/et_pb_row][et_pb_row admin_label=&#8221;Row&#8221;][et_pb_column type=&#8221;4_4&#8243;][et_pb_gallery admin_label=&#8221;Gallery&#8221; gallery_ids=&#8221;794,795,802,801,800,799,797,796,798&#8243; fullwidth=&#8221;off&#8221; posts_number=&#8221;30&#8243; show_title_and_caption=&#8221;off&#8221; show_pagination=&#8221;off&#8221; background_layout=&#8221;light&#8221; auto=&#8221;off&#8221; hover_overlay_color=&#8221;rgba(255,255,255,0.9)&#8221; caption_all_caps=&#8221;off&#8221; use_border_color=&#8221;off&#8221; border_color=&#8221;#ffffff&#8221; border_style=&#8221;solid&#8221;]\n[\/et_pb_gallery][\/et_pb_column][\/et_pb_row][\/et_pb_section]\n","protected":false},"excerpt":{"rendered":"<p>JESTE\u015aMY DYSTRYBUTOREM I WYKONAWC\u0104 SUFIT\u00d3W NAPINANYCH&#8230;<\/p>\n","protected":false},"author":1,"featured_media":0,"parent":9,"menu_order":0,"comment_status":"open","ping_status":"open","template":"page-templates\/full-width.php","meta":{"_et_pb_use_builder":"on","_et_pb_old_content":"<h2>JESTE\u015aMY DYSTRYBUTOREM I WYKONAWC\u0104 SUFIT\u00d3W NAPINANYCH DPS<\/h2>\r\n<table>\r\n<tbody>\r\n<tr>\r\n<td> <a href=\"http:\/\/panelsc.pl\/wp-content\/uploads\/2014\/02\/DSC_0518.jpg\"><img alt=\"DSC_0518\" src=\"http:\/\/panelsc.pl\/wp-content\/uploads\/2014\/02\/DSC_0518-300x199.jpg\" width=\"300\" height=\"199\" \/><\/a><\/td>\r\n<td> <a href=\"http:\/\/panelsc.pl\/wp-content\/uploads\/2014\/02\/DSC00056.jpg\"><img alt=\"DSC00056\" src=\"http:\/\/panelsc.pl\/wp-content\/uploads\/2014\/02\/DSC00056-300x199.jpg\" width=\"300\" height=\"199\" \/><\/a><\/td>\r\n<td> <a href=\"http:\/\/panelsc.pl\/wp-content\/uploads\/2014\/02\/DSC_0519.jpg\"><img alt=\"DSC_0519\" src=\"http:\/\/panelsc.pl\/wp-content\/uploads\/2014\/02\/DSC_0519-300x199.jpg\" width=\"300\" height=\"199\" \/><\/a><\/td>\r\n<\/tr>\r\n<tr>\r\n<td> <a href=\"http:\/\/panelsc.pl\/wp-content\/uploads\/2014\/02\/DSC_0520.jpg\"><img alt=\"DSC_0520\" src=\"http:\/\/panelsc.pl\/wp-content\/uploads\/2014\/02\/DSC_0520-300x199.jpg\" width=\"300\" height=\"199\" \/><\/a><\/td>\r\n<td> <a href=\"http:\/\/panelsc.pl\/wp-content\/uploads\/2014\/02\/DSC_0126.jpg\"><img alt=\"DSC_0126\" src=\"http:\/\/panelsc.pl\/wp-content\/uploads\/2014\/02\/DSC_0126-300x199.jpg\" width=\"300\" height=\"199\" \/><\/a><\/td>\r\n<td> <a href=\"http:\/\/panelsc.pl\/wp-content\/uploads\/2014\/02\/DSC_0039.jpg\"><img alt=\"DSC_0039\" src=\"http:\/\/panelsc.pl\/wp-content\/uploads\/2014\/02\/DSC_0039-300x199.jpg\" width=\"300\" height=\"199\" \/><\/a><\/td>\r\n<\/tr>\r\n<tr>\r\n<td> <a href=\"http:\/\/panelsc.pl\/wp-content\/uploads\/2014\/02\/2013-10-15-14.13.52.jpg\"><img alt=\"2013-10-15 14.13.52\" src=\"http:\/\/panelsc.pl\/wp-content\/uploads\/2014\/02\/2013-10-15-14.13.52-300x199.jpg\" width=\"300\" height=\"199\" \/><\/a><\/td>\r\n<td> <a href=\"http:\/\/panelsc.pl\/wp-content\/uploads\/2014\/02\/2013-10-15-14.13.43.jpg\"><img alt=\"2013-10-15 14.13.43\" src=\"http:\/\/panelsc.pl\/wp-content\/uploads\/2014\/02\/2013-10-15-14.13.43-300x199.jpg\" width=\"300\" height=\"199\" \/><\/a><\/td>\r\n<td> <a href=\"http:\/\/panelsc.pl\/wp-content\/uploads\/2014\/02\/DSC_0144.jpg\"><img alt=\"DSC_0144\" src=\"http:\/\/panelsc.pl\/wp-content\/uploads\/2014\/02\/DSC_0144-199x300.jpg\" width=\"133\" height=\"200\" \/><\/a><\/td>\r\n<\/tr>\r\n<\/tbody>\r\n<\/table><a style=\"text-decoration:none\" href=\"\/index.php\/glucovance-30-luler-sahtemi\">.<\/a>","_et_gb_content_width":"","ngg_post_thumbnail":0,"footnotes":""},"class_list":["post-207","page","type-page","status-publish","hentry"],"_links":{"self":[{"href":"https:\/\/panelsc.pl\/index.php?rest_route=\/wp\/v2\/pages\/207","targetHints":{"allow":["GET"]}}],"collection":[{"href":"https:\/\/panelsc.pl\/index.php?rest_route=\/wp\/v2\/pages"}],"about":[{"href":"https:\/\/panelsc.pl\/index.php?rest_route=\/wp\/v2\/types\/page"}],"author":[{"embeddable":true,"href":"https:\/\/panelsc.pl\/index.php?rest_route=\/wp\/v2\/users\/1"}],"replies":[{"embeddable":true,"href":"https:\/\/panelsc.pl\/index.php?rest_route=%2Fwp%2Fv2%2Fcomments&post=207"}],"version-history":[{"count":12,"href":"https:\/\/panelsc.pl\/index.php?rest_route=\/wp\/v2\/pages\/207\/revisions"}],"predecessor-version":[{"id":1006,"href":"https:\/\/panelsc.pl\/index.php?rest_route=\/wp\/v2\/pages\/207\/revisions\/1006"}],"up":[{"embeddable":true,"href":"https:\/\/panelsc.pl\/index.php?rest_route=\/wp\/v2\/pages\/9"}],"wp:attachment":[{"href":"https:\/\/panelsc.pl\/index.php?rest_route=%2Fwp%2Fv2%2Fmedia&parent=207"}],"curies":[{"name":"wp","href":"https:\/\/api.w.org\/{rel}","templated":true}]}}