{"id":205,"date":"2014-02-26T07:17:42","date_gmt":"2014-02-26T07:17:42","guid":{"rendered":"http:\/\/panelsc.pl\/?page_id=205"},"modified":"2016-09-27T16:04:15","modified_gmt":"2016-09-27T16:04:15","slug":"wykonczenia-wnetrz","status":"publish","type":"page","link":"https:\/\/panelsc.pl\/?page_id=205","title":{"rendered":"Wyko\u0144czenia wn\u0119trz"},"content":{"rendered":"[et_pb_section admin_label=&#8221;section&#8221; transparent_background=&#8221;on&#8221; background_color=&#8221;#ffffff&#8221; allow_player_pause=&#8221;off&#8221; inner_shadow=&#8221;off&#8221; parallax=&#8221;off&#8221; parallax_method=&#8221;off&#8221; custom_padding=&#8221;0px|0px|0px|0px&#8221; padding_mobile=&#8221;off&#8221; make_fullwidth=&#8221;off&#8221; use_custom_width=&#8221;off&#8221; width_unit=&#8221;on&#8221; make_equal=&#8221;off&#8221; use_custom_gutter=&#8221;off&#8221;][et_pb_row admin_label=&#8221;row&#8221;][et_pb_column type=&#8221;4_4&#8243;][et_pb_text admin_label=&#8221;Text&#8221; background_layout=&#8221;light&#8221; text_orientation=&#8221;left&#8221; use_border_color=&#8221;off&#8221; border_color=&#8221;#ffffff&#8221; border_style=&#8221;solid&#8221; text_font_size=&#8221;16&#8243;]\n<h2>KOMPLEKSOWE WYKO\u0143CZENIA WN\u0118TRZ<\/h2>\n[\/et_pb_text][\/et_pb_column][\/et_pb_row][et_pb_row admin_label=&#8221;Row&#8221;][et_pb_column type=&#8221;4_4&#8243;][et_pb_gallery admin_label=&#8221;Gallery&#8221; gallery_ids=&#8221;298,300,301,302,303,304,306,307,308,309,310,311,312,313,314,315,316,317,318,486,487,488,489,490,491,492,493,494,584,585,586,587,588,589,299,305&#8243; fullwidth=&#8221;off&#8221; posts_number=&#8221;100&#8243; show_title_and_caption=&#8221;off&#8221; show_pagination=&#8221;off&#8221; background_layout=&#8221;light&#8221; auto=&#8221;off&#8221; hover_overlay_color=&#8221;rgba(255,255,255,0.9)&#8221; caption_all_caps=&#8221;off&#8221; use_border_color=&#8221;off&#8221; border_color=&#8221;#ffffff&#8221; border_style=&#8221;solid&#8221;]\n[\/et_pb_gallery][\/et_pb_column][\/et_pb_row][et_pb_row admin_label=&#8221;Row&#8221;][et_pb_column type=&#8221;1_2&#8243;][et_pb_blurb admin_label=&#8221;Blurb&#8221; title=&#8221;\u0141AZIENKA PRZED REMONTEM&#8221; url_new_window=&#8221;off&#8221; use_icon=&#8221;off&#8221; icon_color=&#8221;#7EBEC5&#8243; use_circle=&#8221;off&#8221; circle_color=&#8221;#7EBEC5&#8243; use_circle_border=&#8221;off&#8221; circle_border_color=&#8221;#7EBEC5&#8243; icon_placement=&#8221;top&#8221; animation=&#8221;top&#8221; background_layout=&#8221;light&#8221; text_orientation=&#8221;center&#8221; use_icon_font_size=&#8221;off&#8221; use_border_color=&#8221;off&#8221; border_color=&#8221;#ffffff&#8221; border_style=&#8221;solid&#8221;]\n[\/et_pb_blurb][et_pb_image admin_label=&#8221;Image&#8221; src=&#8221;http:\/\/panelsc.pl\/wp-content\/uploads\/2014\/02\/\u0142azienka-przed.jpg&#8221; show_in_lightbox=&#8221;off&#8221; url_new_window=&#8221;off&#8221; use_overlay=&#8221;off&#8221; animation=&#8221;left&#8221; sticky=&#8221;off&#8221; align=&#8221;center&#8221; force_fullwidth=&#8221;off&#8221; always_center_on_mobile=&#8221;on&#8221; use_border_color=&#8221;off&#8221; border_color=&#8221;#ffffff&#8221; border_style=&#8221;solid&#8221;]\n[\/et_pb_image][et_pb_blurb admin_label=&#8221;Blurb&#8221; title=&#8221;\u0141AZIENKA PRZED REMONTEM&#8221; url_new_window=&#8221;off&#8221; use_icon=&#8221;off&#8221; icon_color=&#8221;#7EBEC5&#8243; use_circle=&#8221;off&#8221; circle_color=&#8221;#7EBEC5&#8243; use_circle_border=&#8221;off&#8221; circle_border_color=&#8221;#7EBEC5&#8243; icon_placement=&#8221;top&#8221; animation=&#8221;top&#8221; background_layout=&#8221;light&#8221; text_orientation=&#8221;center&#8221; use_icon_font_size=&#8221;off&#8221; use_border_color=&#8221;off&#8221; border_color=&#8221;#ffffff&#8221; border_style=&#8221;solid&#8221;]\n[\/et_pb_blurb][et_pb_image admin_label=&#8221;Image&#8221; src=&#8221;http:\/\/panelsc.pl\/wp-content\/uploads\/2014\/02\/\u0142azienka-A-przed.jpg&#8221; show_in_lightbox=&#8221;off&#8221; url_new_window=&#8221;off&#8221; use_overlay=&#8221;off&#8221; animation=&#8221;left&#8221; sticky=&#8221;off&#8221; align=&#8221;center&#8221; force_fullwidth=&#8221;off&#8221; always_center_on_mobile=&#8221;on&#8221; use_border_color=&#8221;off&#8221; border_color=&#8221;#ffffff&#8221; border_style=&#8221;solid&#8221;]\n[\/et_pb_image][et_pb_blurb admin_label=&#8221;Blurb&#8221; title=&#8221;\u0141AZIENKA PRZED REMONTEM&#8221; url_new_window=&#8221;off&#8221; use_icon=&#8221;off&#8221; icon_color=&#8221;#7EBEC5&#8243; use_circle=&#8221;off&#8221; circle_color=&#8221;#7EBEC5&#8243; use_circle_border=&#8221;off&#8221; circle_border_color=&#8221;#7EBEC5&#8243; icon_placement=&#8221;top&#8221; animation=&#8221;top&#8221; background_layout=&#8221;light&#8221; text_orientation=&#8221;center&#8221; use_icon_font_size=&#8221;off&#8221; use_border_color=&#8221;off&#8221; border_color=&#8221;#ffffff&#8221; border_style=&#8221;solid&#8221;]\n[\/et_pb_blurb][et_pb_image admin_label=&#8221;Image&#8221; src=&#8221;http:\/\/panelsc.pl\/wp-content\/uploads\/2014\/02\/\u0142azienka-przed-B-1024&#215;680.jpg&#8221; show_in_lightbox=&#8221;off&#8221; url_new_window=&#8221;off&#8221; use_overlay=&#8221;off&#8221; animation=&#8221;left&#8221; sticky=&#8221;off&#8221; align=&#8221;center&#8221; force_fullwidth=&#8221;off&#8221; always_center_on_mobile=&#8221;on&#8221; use_border_color=&#8221;off&#8221; border_color=&#8221;#ffffff&#8221; border_style=&#8221;solid&#8221;]\n[\/et_pb_image][\/et_pb_column][et_pb_column type=&#8221;1_2&#8243;][et_pb_blurb admin_label=&#8221;Blurb&#8221; title=&#8221;\u0141AZIENKA PO REMONCIE&#8221; url_new_window=&#8221;off&#8221; use_icon=&#8221;off&#8221; icon_color=&#8221;#7EBEC5&#8243; use_circle=&#8221;off&#8221; circle_color=&#8221;#7EBEC5&#8243; use_circle_border=&#8221;off&#8221; circle_border_color=&#8221;#7EBEC5&#8243; icon_placement=&#8221;top&#8221; animation=&#8221;top&#8221; background_layout=&#8221;light&#8221; text_orientation=&#8221;center&#8221; use_icon_font_size=&#8221;off&#8221; use_border_color=&#8221;off&#8221; border_color=&#8221;#ffffff&#8221; border_style=&#8221;solid&#8221;]\n[\/et_pb_blurb][et_pb_image admin_label=&#8221;Image&#8221; src=&#8221;http:\/\/panelsc.pl\/wp-content\/uploads\/2014\/02\/\u0142azienka-po.jpg&#8221; show_in_lightbox=&#8221;off&#8221; url_new_window=&#8221;off&#8221; use_overlay=&#8221;off&#8221; animation=&#8221;right&#8221; sticky=&#8221;off&#8221; align=&#8221;center&#8221; force_fullwidth=&#8221;off&#8221; always_center_on_mobile=&#8221;on&#8221; use_border_color=&#8221;off&#8221; border_color=&#8221;#ffffff&#8221; border_style=&#8221;solid&#8221;]\n[\/et_pb_image][et_pb_blurb admin_label=&#8221;Blurb&#8221; title=&#8221;\u0141AZIENKA PO REMONCIE&#8221; url_new_window=&#8221;off&#8221; use_icon=&#8221;off&#8221; icon_color=&#8221;#7EBEC5&#8243; use_circle=&#8221;off&#8221; circle_color=&#8221;#7EBEC5&#8243; use_circle_border=&#8221;off&#8221; circle_border_color=&#8221;#7EBEC5&#8243; icon_placement=&#8221;top&#8221; animation=&#8221;top&#8221; background_layout=&#8221;light&#8221; text_orientation=&#8221;center&#8221; use_icon_font_size=&#8221;off&#8221; use_border_color=&#8221;off&#8221; border_color=&#8221;#ffffff&#8221; border_style=&#8221;solid&#8221;]\n[\/et_pb_blurb][et_pb_image admin_label=&#8221;Image&#8221; src=&#8221;http:\/\/panelsc.pl\/wp-content\/uploads\/2014\/02\/\u0142azienka-A-po.jpg&#8221; show_in_lightbox=&#8221;off&#8221; url_new_window=&#8221;off&#8221; use_overlay=&#8221;off&#8221; animation=&#8221;right&#8221; sticky=&#8221;off&#8221; align=&#8221;center&#8221; force_fullwidth=&#8221;off&#8221; always_center_on_mobile=&#8221;on&#8221; use_border_color=&#8221;off&#8221; border_color=&#8221;#ffffff&#8221; border_style=&#8221;solid&#8221;]\n[\/et_pb_image][et_pb_blurb admin_label=&#8221;Blurb&#8221; title=&#8221;\u0141AZIENKA PO REMONCIE&#8221; url_new_window=&#8221;off&#8221; use_icon=&#8221;off&#8221; icon_color=&#8221;#7EBEC5&#8243; use_circle=&#8221;off&#8221; circle_color=&#8221;#7EBEC5&#8243; use_circle_border=&#8221;off&#8221; circle_border_color=&#8221;#7EBEC5&#8243; icon_placement=&#8221;top&#8221; animation=&#8221;top&#8221; background_layout=&#8221;light&#8221; text_orientation=&#8221;center&#8221; use_icon_font_size=&#8221;off&#8221; use_border_color=&#8221;off&#8221; border_color=&#8221;#ffffff&#8221; border_style=&#8221;solid&#8221;]\n[\/et_pb_blurb][et_pb_image admin_label=&#8221;Image&#8221; src=&#8221;http:\/\/panelsc.pl\/wp-content\/uploads\/2014\/02\/\u0142azienka-B-po-1024&#215;682.jpg&#8221; show_in_lightbox=&#8221;off&#8221; url_new_window=&#8221;off&#8221; use_overlay=&#8221;off&#8221; animation=&#8221;right&#8221; sticky=&#8221;off&#8221; align=&#8221;center&#8221; force_fullwidth=&#8221;off&#8221; always_center_on_mobile=&#8221;on&#8221; use_border_color=&#8221;off&#8221; border_color=&#8221;#ffffff&#8221; border_style=&#8221;solid&#8221;]\n[\/et_pb_image][\/et_pb_column][\/et_pb_row][\/et_pb_section]\n","protected":false},"excerpt":{"rendered":"<p>KOMPLEKSOWE WYKO\u0143CZENIA WN\u0118TRZ \u0141AZIENKA PRZED&#8230;<\/p>\n","protected":false},"author":1,"featured_media":0,"parent":9,"menu_order":0,"comment_status":"open","ping_status":"open","template":"page-templates\/full-width.php","meta":{"_et_pb_use_builder":"on","_et_pb_old_content":"<h2>KOMPLEKSOWE WYKO\u0143CZENIA WN\u0118TRZ<\/h2>\r\n<table>\r\n<tbody>\r\n<tr>\r\n<td> <a href=\"http:\/\/panelsc.pl\/wp-content\/uploads\/2014\/02\/DSC07332.jpg\"><img alt=\"DSC07332\" src=\"http:\/\/panelsc.pl\/wp-content\/uploads\/2014\/02\/DSC07332-300x199.jpg\" width=\"300\" height=\"199\" \/><\/a><\/td>\r\n<td> <a href=\"http:\/\/panelsc.pl\/wp-content\/uploads\/2014\/02\/DSC00086.jpg\"><img alt=\"DSC00086\" src=\"http:\/\/panelsc.pl\/wp-content\/uploads\/2014\/02\/DSC00086-300x200.jpg\" width=\"300\" height=\"200\" \/><\/a><\/td>\r\n<td> <a href=\"http:\/\/panelsc.pl\/wp-content\/uploads\/2014\/02\/DSC000561.jpg\"><img alt=\"DSC00056\" src=\"http:\/\/panelsc.pl\/wp-content\/uploads\/2014\/02\/DSC000561-300x200.jpg\" width=\"300\" height=\"200\" \/><\/a><\/td>\r\n<\/tr>\r\n<tr>\r\n<td> <a href=\"http:\/\/panelsc.pl\/wp-content\/uploads\/2014\/02\/DSC_0999.jpg\"><img alt=\"DSC_0999\" src=\"http:\/\/panelsc.pl\/wp-content\/uploads\/2014\/02\/DSC_0999-300x199.jpg\" width=\"300\" height=\"199\" \/><\/a><\/td>\r\n<td> <a href=\"http:\/\/panelsc.pl\/wp-content\/uploads\/2014\/02\/DSC_0938.jpg\"><img alt=\"DSC_0938\" src=\"http:\/\/panelsc.pl\/wp-content\/uploads\/2014\/02\/DSC_0938-300x199.jpg\" width=\"300\" height=\"199\" \/><\/a><\/td>\r\n<td> <a href=\"http:\/\/panelsc.pl\/wp-content\/uploads\/2014\/02\/DSC_0937.jpg\"><img alt=\"DSC_0937\" src=\"http:\/\/panelsc.pl\/wp-content\/uploads\/2014\/02\/DSC_0937-300x199.jpg\" width=\"300\" height=\"199\" \/><\/a><\/td>\r\n<\/tr>\r\n<tr>\r\n<td> <a href=\"http:\/\/panelsc.pl\/wp-content\/uploads\/2014\/02\/DSC_0925.jpg\"><img alt=\"DSC_0925\" src=\"http:\/\/panelsc.pl\/wp-content\/uploads\/2014\/02\/DSC_0925-300x199.jpg\" width=\"300\" height=\"199\" \/><\/a><\/td>\r\n<td> <a href=\"http:\/\/panelsc.pl\/wp-content\/uploads\/2014\/02\/DSC_0511.jpg\"><img alt=\"DSC_0511\" src=\"http:\/\/panelsc.pl\/wp-content\/uploads\/2014\/02\/DSC_0511-300x199.jpg\" width=\"300\" height=\"199\" \/><\/a><\/td>\r\n<td> <a href=\"http:\/\/panelsc.pl\/wp-content\/uploads\/2014\/02\/DSC_0499.jpg\"><img alt=\"DSC_0499\" src=\"http:\/\/panelsc.pl\/wp-content\/uploads\/2014\/02\/DSC_0499-300x199.jpg\" width=\"300\" height=\"199\" \/><\/a><\/td>\r\n<\/tr>\r\n<tr>\r\n<td> <a href=\"http:\/\/panelsc.pl\/wp-content\/uploads\/2014\/02\/DSC_0496.jpg\"><img alt=\"DSC_0496\" src=\"http:\/\/panelsc.pl\/wp-content\/uploads\/2014\/02\/DSC_0496-300x199.jpg\" width=\"300\" height=\"199\" \/><\/a><\/td>\r\n<td> <a href=\"http:\/\/panelsc.pl\/wp-content\/uploads\/2014\/02\/DSC_0137.jpg\"><img alt=\"DSC_0137\" src=\"http:\/\/panelsc.pl\/wp-content\/uploads\/2014\/02\/DSC_0137-300x199.jpg\" width=\"300\" height=\"199\" \/><\/a><\/td>\r\n<td> <a href=\"http:\/\/panelsc.pl\/wp-content\/uploads\/2014\/02\/DSC_0131.jpg\"><img alt=\"DSC_0131\" src=\"http:\/\/panelsc.pl\/wp-content\/uploads\/2014\/02\/DSC_0131-300x199.jpg\" width=\"300\" height=\"199\" \/><\/a><\/td>\r\n<\/tr>\r\n<tr>\r\n<td> <a href=\"http:\/\/panelsc.pl\/wp-content\/uploads\/2014\/02\/DSC_0128.jpg\"><img alt=\"DSC_0128\" src=\"http:\/\/panelsc.pl\/wp-content\/uploads\/2014\/02\/DSC_0128-300x199.jpg\" width=\"300\" height=\"199\" \/><\/a><\/td>\r\n<td> <a href=\"http:\/\/panelsc.pl\/wp-content\/uploads\/2014\/02\/DSC_0125.jpg\"><img alt=\"DSC_0125\" src=\"http:\/\/panelsc.pl\/wp-content\/uploads\/2014\/02\/DSC_0125-300x199.jpg\" width=\"300\" height=\"199\" \/><\/a><\/td>\r\n<td> <a href=\"http:\/\/panelsc.pl\/wp-content\/uploads\/2014\/02\/DSC_0117.jpg\"><img alt=\"DSC_0117\" src=\"http:\/\/panelsc.pl\/wp-content\/uploads\/2014\/02\/DSC_0117-300x199.jpg\" width=\"300\" height=\"199\" \/><\/a><\/td>\r\n<\/tr>\r\n<tr>\r\n<td> <a href=\"http:\/\/panelsc.pl\/wp-content\/uploads\/2014\/02\/DSC_0162.jpg\"><img alt=\"DSC_0162\" src=\"http:\/\/panelsc.pl\/wp-content\/uploads\/2014\/02\/DSC_0162-300x199.jpg\" width=\"300\" height=\"199\" \/><\/a><\/td>\r\n<td> <a href=\"http:\/\/panelsc.pl\/wp-content\/uploads\/2014\/02\/DSC_0160.jpg\"><img alt=\"DSC_0160\" src=\"http:\/\/panelsc.pl\/wp-content\/uploads\/2014\/02\/DSC_0160-300x199.jpg\" width=\"300\" height=\"199\" \/><\/a><\/td>\r\n<td> <a href=\"http:\/\/panelsc.pl\/wp-content\/uploads\/2014\/02\/DSC_0143.jpg\"><img alt=\"DSC_0143\" src=\"http:\/\/panelsc.pl\/wp-content\/uploads\/2014\/02\/DSC_0143-300x199.jpg\" width=\"300\" height=\"199\" \/><\/a><\/td>\r\n<\/tr>\r\n<tr>\r\n<td> <a href=\"http:\/\/panelsc.pl\/wp-content\/uploads\/2014\/02\/DSC_0139.jpg\"><img alt=\"DSC_0139\" src=\"http:\/\/panelsc.pl\/wp-content\/uploads\/2014\/02\/DSC_0139-199x300.jpg\" width=\"128\" height=\"192\" \/><\/a><\/td>\r\n<td> <a href=\"http:\/\/panelsc.pl\/wp-content\/uploads\/2014\/02\/DSC_0093.jpg\"><img alt=\"DSC_0093\" src=\"http:\/\/panelsc.pl\/wp-content\/uploads\/2014\/02\/DSC_0093-199x300.jpg\" width=\"128\" height=\"189\" \/><\/a><\/td>\r\n<td> <a href=\"http:\/\/panelsc.pl\/wp-content\/uploads\/2014\/02\/DSC_0004.jpg\"><img class=\"alignnone size-medium wp-image-298\" alt=\"DSC_0004\" src=\"http:\/\/panelsc.pl\/wp-content\/uploads\/2014\/02\/DSC_0004-300x199.jpg\" width=\"300\" height=\"199\" \/><\/a><\/td>\r\n<\/tr>\r\n<tr>\r\n<td> <a href=\"http:\/\/panelsc.pl\/wp-content\/uploads\/2014\/02\/12.jpg\"><img class=\"alignnone size-medium wp-image-487\" alt=\"12\" src=\"http:\/\/panelsc.pl\/wp-content\/uploads\/2014\/02\/12-300x199.jpg\" width=\"300\" height=\"199\" \/><\/a><\/td>\r\n<td> <a href=\"http:\/\/panelsc.pl\/wp-content\/uploads\/2014\/02\/13.jpg\"><img class=\"alignnone size-medium wp-image-488\" alt=\"13\" src=\"http:\/\/panelsc.pl\/wp-content\/uploads\/2014\/02\/13-300x199.jpg\" width=\"300\" height=\"199\" \/><\/a><\/td>\r\n<td> <a href=\"http:\/\/panelsc.pl\/wp-content\/uploads\/2014\/02\/14.jpg\"><img class=\"alignnone  wp-image-489\" alt=\"14\" src=\"http:\/\/panelsc.pl\/wp-content\/uploads\/2014\/02\/14-300x199.jpg\" width=\"300\" height=\"199\" \/><\/a><\/td>\r\n<\/tr>\r\n<tr>\r\n<td> <a href=\"http:\/\/panelsc.pl\/wp-content\/uploads\/2014\/02\/20131031_115651.jpg\"><img class=\"alignnone size-medium wp-image-490\" alt=\"20131031_115651\" src=\"http:\/\/panelsc.pl\/wp-content\/uploads\/2014\/02\/20131031_115651-300x199.jpg\" width=\"300\" height=\"199\" \/><\/a><\/td>\r\n<td> <a href=\"http:\/\/panelsc.pl\/wp-content\/uploads\/2014\/02\/20131031_115722.jpg\"><img class=\"alignnone size-medium wp-image-491\" alt=\"20131031_115722\" src=\"http:\/\/panelsc.pl\/wp-content\/uploads\/2014\/02\/20131031_115722-300x199.jpg\" width=\"300\" height=\"199\" \/><\/a><\/td>\r\n<td> <a href=\"http:\/\/panelsc.pl\/wp-content\/uploads\/2014\/02\/20131031_115733.jpg\"><img class=\"alignnone size-medium wp-image-492\" alt=\"20131031_115733\" src=\"http:\/\/panelsc.pl\/wp-content\/uploads\/2014\/02\/20131031_115733-300x199.jpg\" width=\"300\" height=\"199\" \/><\/a><\/td>\r\n<\/tr>\r\n<tr>\r\n<td> <a href=\"http:\/\/panelsc.pl\/wp-content\/uploads\/2014\/02\/20131031_115808.jpg\"><img class=\"alignnone size-medium wp-image-493\" alt=\"20131031_115808\" src=\"http:\/\/panelsc.pl\/wp-content\/uploads\/2014\/02\/20131031_115808-300x199.jpg\" width=\"300\" height=\"199\" \/><\/a><\/td>\r\n<td> <a href=\"http:\/\/panelsc.pl\/wp-content\/uploads\/2014\/02\/20131206_110128.jpg\"><img class=\"alignnone size-medium wp-image-494\" alt=\"20131206_110128\" src=\"http:\/\/panelsc.pl\/wp-content\/uploads\/2014\/02\/20131206_110128-300x199.jpg\" width=\"300\" height=\"199\" \/><\/a><\/td>\r\n<td> <a href=\"http:\/\/panelsc.pl\/wp-content\/uploads\/2014\/02\/DSC_0273.jpg\"><img alt=\"DSC_0273\" src=\"http:\/\/panelsc.pl\/wp-content\/uploads\/2014\/02\/DSC_0273-300x199.jpg\" width=\"300\" height=\"199\" \/><\/a><\/td>\r\n<\/tr>\r\n<tr>\r\n<td> <a href=\"http:\/\/panelsc.pl\/wp-content\/uploads\/2014\/02\/DSC_0259.jpg\"><img alt=\"DSC_0259\" src=\"http:\/\/panelsc.pl\/wp-content\/uploads\/2014\/02\/DSC_0259-300x199.jpg\" width=\"300\" height=\"199\" \/><\/a><\/td>\r\n<td> <a href=\"http:\/\/panelsc.pl\/wp-content\/uploads\/2014\/02\/DSC_0264.jpg\"><img alt=\"DSC_0264\" src=\"http:\/\/panelsc.pl\/wp-content\/uploads\/2014\/02\/DSC_0264-300x199.jpg\" width=\"300\" height=\"199\" \/><\/a><\/td>\r\n<td> <a href=\"http:\/\/panelsc.pl\/wp-content\/uploads\/2014\/02\/DSC_0267.jpg\"><img alt=\"DSC_0267\" src=\"http:\/\/panelsc.pl\/wp-content\/uploads\/2014\/02\/DSC_0267-300x199.jpg\" width=\"300\" height=\"199\" \/><\/a><\/td>\r\n<\/tr>\r\n<tr>\r\n<td> <a href=\"http:\/\/panelsc.pl\/wp-content\/uploads\/2014\/02\/DSC_0271.jpg\"><img alt=\"DSC_0271\" src=\"http:\/\/panelsc.pl\/wp-content\/uploads\/2014\/02\/DSC_0271-300x199.jpg\" width=\"300\" height=\"199\" \/><\/a><\/td>\r\n<td> <a href=\"http:\/\/panelsc.pl\/wp-content\/uploads\/2014\/02\/DSC_0272.jpg\"><img alt=\"DSC_0272\" src=\"http:\/\/panelsc.pl\/wp-content\/uploads\/2014\/02\/DSC_0272-300x199.jpg\" width=\"300\" height=\"199\" \/><\/a><\/td>\r\n<td><\/td>\r\n<\/tr>\r\n<\/tbody>\r\n<\/table>\r\n<table>\r\n<tbody>\r\n<tr>\r\n<td style=\"text-align: center;\"><strong>\u0141AZIENKA PRZED REMONTEM<\/strong><\/td>\r\n<td style=\"text-align: center;\"><strong>\u0141AZIENKA PO REMONCIE<\/strong><\/td>\r\n<\/tr>\r\n<tr>\r\n<td><a href=\"http:\/\/panelsc.pl\/wp-content\/uploads\/2014\/02\/\u0142azienka-przed.jpg\"><img class=\"aligncenter\" alt=\"\u0142azienka przed\" src=\"http:\/\/panelsc.pl\/wp-content\/uploads\/2014\/02\/\u0142azienka-przed-300x199.jpg\" width=\"300\" height=\"199\" \/><\/a><\/td>\r\n<td><a href=\"http:\/\/panelsc.pl\/wp-content\/uploads\/2014\/02\/\u0142azienka-po.jpg\"><img class=\"aligncenter\" alt=\"\u0142azienka po\" src=\"http:\/\/panelsc.pl\/wp-content\/uploads\/2014\/02\/\u0142azienka-po-300x199.jpg\" width=\"300\" height=\"199\" \/><\/a><\/td>\r\n<\/tr>\r\n<tr>\r\n<td> <a href=\"http:\/\/panelsc.pl\/wp-content\/uploads\/2014\/02\/\u0142azienka-A-przed.jpg\"><img class=\"aligncenter\" alt=\"\u0142azienka A przed\" src=\"http:\/\/panelsc.pl\/wp-content\/uploads\/2014\/02\/\u0142azienka-A-przed-300x199.jpg\" width=\"300\" height=\"199\" \/><\/a><\/td>\r\n<td> <a href=\"http:\/\/panelsc.pl\/wp-content\/uploads\/2014\/02\/\u0142azienka-A-po.jpg\"><img class=\"aligncenter\" alt=\"\u0142azienka A po\" src=\"http:\/\/panelsc.pl\/wp-content\/uploads\/2014\/02\/\u0142azienka-A-po-300x200.jpg\" width=\"300\" height=\"200\" \/><\/a><\/td>\r\n<\/tr>\r\n<tr>\r\n<td> <a href=\"http:\/\/panelsc.pl\/wp-content\/uploads\/2014\/02\/\u0142azienka-przed-B.jpg\"><img class=\"aligncenter\" alt=\"\u0142azienka przed B\" src=\"http:\/\/panelsc.pl\/wp-content\/uploads\/2014\/02\/\u0142azienka-przed-B-300x199.jpg\" width=\"300\" height=\"199\" \/><\/a><\/td>\r\n<td> <a href=\"http:\/\/panelsc.pl\/wp-content\/uploads\/2014\/02\/\u0142azienka-B-po.jpg\"><img class=\"aligncenter\" alt=\"\u0142azienka B po\" src=\"http:\/\/panelsc.pl\/wp-content\/uploads\/2014\/02\/\u0142azienka-B-po-300x200.jpg\" width=\"300\" height=\"200\" \/><\/a><\/td>\r\n<\/tr>\r\n<\/tbody>\r\n<\/table>","_et_gb_content_width":"","ngg_post_thumbnail":0,"footnotes":""},"class_list":["post-205","page","type-page","status-publish","hentry"],"_links":{"self":[{"href":"https:\/\/panelsc.pl\/index.php?rest_route=\/wp\/v2\/pages\/205","targetHints":{"allow":["GET"]}}],"collection":[{"href":"https:\/\/panelsc.pl\/index.php?rest_route=\/wp\/v2\/pages"}],"about":[{"href":"https:\/\/panelsc.pl\/index.php?rest_route=\/wp\/v2\/types\/page"}],"author":[{"embeddable":true,"href":"https:\/\/panelsc.pl\/index.php?rest_route=\/wp\/v2\/users\/1"}],"replies":[{"embeddable":true,"href":"https:\/\/panelsc.pl\/index.php?rest_route=%2Fwp%2Fv2%2Fcomments&post=205"}],"version-history":[{"count":21,"href":"https:\/\/panelsc.pl\/index.php?rest_route=\/wp\/v2\/pages\/205\/revisions"}],"predecessor-version":[{"id":1022,"href":"https:\/\/panelsc.pl\/index.php?rest_route=\/wp\/v2\/pages\/205\/revisions\/1022"}],"up":[{"embeddable":true,"href":"https:\/\/panelsc.pl\/index.php?rest_route=\/wp\/v2\/pages\/9"}],"wp:attachment":[{"href":"https:\/\/panelsc.pl\/index.php?rest_route=%2Fwp%2Fv2%2Fmedia&parent=205"}],"curies":[{"name":"wp","href":"https:\/\/api.w.org\/{rel}","templated":true}]}}