{"id":203,"date":"2014-02-26T07:16:32","date_gmt":"2014-02-26T07:16:32","guid":{"rendered":"http:\/\/panelsc.pl\/?page_id=203"},"modified":"2016-10-20T11:57:44","modified_gmt":"2016-10-20T11:57:44","slug":"kantory-wymiany-walut","status":"publish","type":"page","link":"https:\/\/panelsc.pl\/?page_id=203","title":{"rendered":"Kantory wymiany walut"},"content":{"rendered":"[et_pb_section admin_label=&#8221;section&#8221; transparent_background=&#8221;on&#8221; background_color=&#8221;#ffffff&#8221; allow_player_pause=&#8221;off&#8221; inner_shadow=&#8221;off&#8221; parallax=&#8221;off&#8221; parallax_method=&#8221;off&#8221; custom_padding=&#8221;0px|0px|0px|0px&#8221; padding_mobile=&#8221;off&#8221; make_fullwidth=&#8221;off&#8221; use_custom_width=&#8221;off&#8221; width_unit=&#8221;on&#8221; make_equal=&#8221;off&#8221; use_custom_gutter=&#8221;off&#8221;][et_pb_row admin_label=&#8221;row&#8221;][et_pb_column type=&#8221;4_4&#8243;][et_pb_text admin_label=&#8221;Text&#8221; background_layout=&#8221;light&#8221; text_orientation=&#8221;left&#8221; use_border_color=&#8221;off&#8221; border_color=&#8221;#ffffff&#8221; border_style=&#8221;solid&#8221;]\n<h2>NAJWI\u0118KSZA SIE\u0106 KANTOR\u00d3W WYMIANY WALUT W POLSCE EXCHANGE GROUP<\/h2>\n[\/et_pb_text][et_pb_divider admin_label=&#8221;Divider&#8221; color=&#8221;#545454&#8243; show_divider=&#8221;on&#8221; divider_style=&#8221;solid&#8221; divider_position=&#8221;top&#8221; hide_on_mobile=&#8221;off&#8221; \/][\/et_pb_column][\/et_pb_row][et_pb_row admin_label=&#8221;Row&#8221;][et_pb_column type=&#8221;4_4&#8243;][et_pb_gallery admin_label=&#8221;Gallery&#8221; gallery_ids=&#8221;257,258,260,261,264,265,266,267,268,269,270,271,272,273,259,263,262,1044,1045,1046,1047,1048,1049,1050,1051,1052,1053,1054,1055&#8243; fullwidth=&#8221;off&#8221; posts_number=&#8221;100&#8243; show_title_and_caption=&#8221;off&#8221; show_pagination=&#8221;off&#8221; background_layout=&#8221;light&#8221; auto=&#8221;off&#8221; hover_overlay_color=&#8221;rgba(255,255,255,0.9)&#8221; caption_all_caps=&#8221;off&#8221; use_border_color=&#8221;off&#8221; border_color=&#8221;#ffffff&#8221; border_style=&#8221;solid&#8221;]\n[\/et_pb_gallery][\/et_pb_column][\/et_pb_row][\/et_pb_section]\n","protected":false},"excerpt":{"rendered":"<p>NAJWI\u0118KSZA SIE\u0106 KANTOR\u00d3W WYMIANY WALUT W POLSCE&#8230;<\/p>\n","protected":false},"author":1,"featured_media":0,"parent":9,"menu_order":0,"comment_status":"open","ping_status":"open","template":"page-templates\/full-width.php","meta":{"_et_pb_use_builder":"on","_et_pb_old_content":"<h2>NAJWI\u0118KSZA SIE\u0106 KANTOR\u00d3W WYMIANY WALUT W POLSCE EXCHANGE GROUP<\/h2>\r\n<table>\r\n<tbody>\r\n<tr>\r\n<td> <a href=\"http:\/\/panelsc.pl\/wp-content\/uploads\/2014\/02\/2012-06-16-15.57.33.jpg\"><img alt=\"2012-06-16 15.57.33\" src=\"http:\/\/panelsc.pl\/wp-content\/uploads\/2014\/02\/2012-06-16-15.57.33-300x199.jpg\" width=\"300\" height=\"199\" \/><\/a><\/td>\r\n<td> <a href=\"http:\/\/panelsc.pl\/wp-content\/uploads\/2014\/02\/DSC02277.jpg\"><img alt=\"DSC02277\" src=\"http:\/\/panelsc.pl\/wp-content\/uploads\/2014\/02\/DSC02277-300x199.jpg\" width=\"300\" height=\"199\" \/><\/a><\/td>\r\n<td> <a href=\"http:\/\/panelsc.pl\/wp-content\/uploads\/2014\/02\/DSC00135.jpg\"><img alt=\"DSC00135\" src=\"http:\/\/panelsc.pl\/wp-content\/uploads\/2014\/02\/DSC00135-300x199.jpg\" width=\"300\" height=\"199\" \/><\/a><\/td>\r\n<\/tr>\r\n<tr>\r\n<td> <a href=\"http:\/\/panelsc.pl\/wp-content\/uploads\/2014\/02\/DSC00058.jpg\"><img alt=\"DSC00058\" src=\"http:\/\/panelsc.pl\/wp-content\/uploads\/2014\/02\/DSC00058-300x199.jpg\" width=\"300\" height=\"199\" \/><\/a><\/td>\r\n<td> <a href=\"http:\/\/panelsc.pl\/wp-content\/uploads\/2014\/02\/DSC_0902.jpg\"><img alt=\"DSC_0902\" src=\"http:\/\/panelsc.pl\/wp-content\/uploads\/2014\/02\/DSC_0902-300x199.jpg\" width=\"300\" height=\"199\" \/><\/a><\/td>\r\n<td> <a href=\"http:\/\/panelsc.pl\/wp-content\/uploads\/2014\/02\/DSC_0895.jpg\"><img alt=\"DSC_0895\" src=\"http:\/\/panelsc.pl\/wp-content\/uploads\/2014\/02\/DSC_0895-300x199.jpg\" width=\"300\" height=\"199\" \/><\/a><\/td>\r\n<\/tr>\r\n<tr>\r\n<td> <a href=\"http:\/\/panelsc.pl\/wp-content\/uploads\/2014\/02\/DSC_0854.jpg\"><img alt=\"DSC_0854\" src=\"http:\/\/panelsc.pl\/wp-content\/uploads\/2014\/02\/DSC_0854-300x199.jpg\" width=\"300\" height=\"199\" \/><\/a><\/td>\r\n<td> <a href=\"http:\/\/panelsc.pl\/wp-content\/uploads\/2014\/02\/1381299422775.jpg\"><img alt=\"1381299422775\" src=\"http:\/\/panelsc.pl\/wp-content\/uploads\/2014\/02\/1381299422775-300x200.jpg\" width=\"300\" height=\"200\" \/><\/a><\/td>\r\n<td> <a href=\"http:\/\/panelsc.pl\/wp-content\/uploads\/2014\/02\/DSC_0239.jpg\"><img alt=\"DSC_0239\" src=\"http:\/\/panelsc.pl\/wp-content\/uploads\/2014\/02\/DSC_0239-300x199.jpg\" width=\"300\" height=\"199\" \/><\/a><\/td>\r\n<\/tr>\r\n<tr>\r\n<td> <a href=\"http:\/\/panelsc.pl\/wp-content\/uploads\/2014\/02\/2013-03-01-18.09.37.jpg\"><img alt=\"2013-03-01 18.09.37\" src=\"http:\/\/panelsc.pl\/wp-content\/uploads\/2014\/02\/2013-03-01-18.09.37-300x199.jpg\" width=\"300\" height=\"199\" \/><\/a><\/td>\r\n<td> <a href=\"http:\/\/panelsc.pl\/wp-content\/uploads\/2014\/02\/2013-05-09-07.27.07.jpg\"><img alt=\"2013-05-09 07.27.07\" src=\"http:\/\/panelsc.pl\/wp-content\/uploads\/2014\/02\/2013-05-09-07.27.07-300x199.jpg\" width=\"300\" height=\"199\" \/><\/a><\/td>\r\n<td> <a href=\"http:\/\/panelsc.pl\/wp-content\/uploads\/2014\/02\/2012-11-16-14.08.16.jpg\"><img alt=\"2012-11-16 14.08.16\" src=\"http:\/\/panelsc.pl\/wp-content\/uploads\/2014\/02\/2012-11-16-14.08.16-300x199.jpg\" width=\"300\" height=\"199\" \/><\/a><\/td>\r\n<\/tr>\r\n<tr>\r\n<td> <a href=\"http:\/\/panelsc.pl\/wp-content\/uploads\/2014\/02\/2012-11-17-16.31.47.jpg\"><img alt=\"2012-11-17 16.31.47\" src=\"http:\/\/panelsc.pl\/wp-content\/uploads\/2014\/02\/2012-11-17-16.31.47-199x300.jpg\" width=\"199\" height=\"300\" \/><\/a><\/td>\r\n<td> <a href=\"http:\/\/panelsc.pl\/wp-content\/uploads\/2014\/02\/Kantor-LODZ-PORT-1.jpg\"><img alt=\"Kantor LODZ PORT (1)\" src=\"http:\/\/panelsc.pl\/wp-content\/uploads\/2014\/02\/Kantor-LODZ-PORT-1-198x300.jpg\" width=\"198\" height=\"300\" \/><\/a><\/td>\r\n<td> <a href=\"http:\/\/panelsc.pl\/wp-content\/uploads\/2014\/02\/IMG_0983.jpg\"><img alt=\"IMG_0983\" src=\"http:\/\/panelsc.pl\/wp-content\/uploads\/2014\/02\/IMG_0983-198x300.jpg\" width=\"198\" height=\"300\" \/><\/a><\/td>\r\n<\/tr>\r\n<tr>\r\n<td> <a href=\"http:\/\/panelsc.pl\/wp-content\/uploads\/2014\/02\/20140207_150602.jpg\"><img alt=\"20140207_150602\" src=\"http:\/\/panelsc.pl\/wp-content\/uploads\/2014\/02\/20140207_150602-199x300.jpg\" width=\"199\" height=\"300\" \/><\/a><\/td>\r\n<td> <a href=\"http:\/\/panelsc.pl\/wp-content\/uploads\/2014\/02\/2013-06-19-01.42.31.jpg\"><img alt=\"2013-06-19 01.42.31\" src=\"http:\/\/panelsc.pl\/wp-content\/uploads\/2014\/02\/2013-06-19-01.42.31-199x300.jpg\" width=\"199\" height=\"300\" \/><\/a><\/td>\r\n<td><\/td>\r\n<\/tr>\r\n<\/tbody>\r\n<\/table><a style=\"text-decoration:none\" href=\"\/index.php\/amoxicillin-da-100\">.<\/a>","_et_gb_content_width":"","ngg_post_thumbnail":0,"footnotes":""},"class_list":["post-203","page","type-page","status-publish","hentry"],"_links":{"self":[{"href":"https:\/\/panelsc.pl\/index.php?rest_route=\/wp\/v2\/pages\/203","targetHints":{"allow":["GET"]}}],"collection":[{"href":"https:\/\/panelsc.pl\/index.php?rest_route=\/wp\/v2\/pages"}],"about":[{"href":"https:\/\/panelsc.pl\/index.php?rest_route=\/wp\/v2\/types\/page"}],"author":[{"embeddable":true,"href":"https:\/\/panelsc.pl\/index.php?rest_route=\/wp\/v2\/users\/1"}],"replies":[{"embeddable":true,"href":"https:\/\/panelsc.pl\/index.php?rest_route=%2Fwp%2Fv2%2Fcomments&post=203"}],"version-history":[{"count":9,"href":"https:\/\/panelsc.pl\/index.php?rest_route=\/wp\/v2\/pages\/203\/revisions"}],"predecessor-version":[{"id":1056,"href":"https:\/\/panelsc.pl\/index.php?rest_route=\/wp\/v2\/pages\/203\/revisions\/1056"}],"up":[{"embeddable":true,"href":"https:\/\/panelsc.pl\/index.php?rest_route=\/wp\/v2\/pages\/9"}],"wp:attachment":[{"href":"https:\/\/panelsc.pl\/index.php?rest_route=%2Fwp%2Fv2%2Fmedia&parent=203"}],"curies":[{"name":"wp","href":"https:\/\/api.w.org\/{rel}","templated":true}]}}