{"id":1125,"date":"2018-09-03T13:00:49","date_gmt":"2018-09-03T13:00:49","guid":{"rendered":"http:\/\/panelsc.pl\/?page_id=1125"},"modified":"2018-09-03T13:04:52","modified_gmt":"2018-09-03T13:04:52","slug":"ostatnie-realizacje","status":"publish","type":"page","link":"https:\/\/panelsc.pl\/?page_id=1125","title":{"rendered":"Ostatnie realizacje"},"content":{"rendered":"[et_pb_section admin_label=&#8221;section&#8221;][et_pb_row admin_label=&#8221;row&#8221;][et_pb_column type=&#8221;4_4&#8243;][et_pb_text admin_label=&#8221;Text&#8221; background_layout=&#8221;light&#8221; text_orientation=&#8221;left&#8221; use_border_color=&#8221;off&#8221; border_color=&#8221;#ffffff&#8221; border_style=&#8221;solid&#8221; saved_tabs=&#8221;all&#8221; text_font_size=&#8221;16&#8243;]\n<p><strong>1.    P.A.T. BUGA\u0141A sp. z o.o. ul. Legion\u00f3w 100 , 42-200 Cz\u0119stochowie &#8211; PRODUKCJA, IMPORT, HANDEL MASZYN, URZ\u0104DZE\u0143 DO OBR\u00d3BKI Z\u0141OTA I SREBRA, PRODUKCJA EKSKLUZYWNYCH MEBLI DO SALON\u00d3W JUBILERSKICH<\/strong><\/p>\n<p>&#8211; REMONT POMIESZCZE\u0143 BIUROWYCH W SIEDZIBIE FIRMY , 600 m2<\/p>\n<p><strong>2.    P.P.H.U. \u201eYORIK\u201d S.C. ul. Berka Joselewicza 9\/13, 42-200 Cz\u0119stochowa &#8211; PRODUCENT I IMPORTER BIELIZNY DAMSKIEJ I M\u0118SKIEJ<\/strong><\/p>\n<p>&#8211; REMONT I ADAPTACJA STOISKA HANDLOWEGO W CENTRUM HANDLU AZJATYCKIEGO W PRADZE \u2013 CZECHY \u2013 200 m2<\/p>\n<p><strong>3.    BDK SZANTER KONRAD ul, Polskich Marynarzy 76B\/2 , 71-050 Szczecin &#8211; OG\u00d3LNOPOLSKA SIE\u0106 RESTAURACJI<\/strong><\/p>\n<p>&#8211; KOMPLEKSOWE WYKONANIE RESTAURACJI BERLIN DONER KEBAP W GALERII SUDECKIEJ W JELENIEJ G\u00d3RZE \u2013 49,28m2<\/p>\n<p><strong>4.    EXG INWESTMENTS Ul. Ok\u00f3lna 103, 42-218 Cz\u0119stochowa &#8211; NAJWI\u0118KSZA SIE\u0106 KANTOR\u00d3W W POLSCE \u2013 GENERALNY I JEDYNY WYKONAWCA<\/strong><\/p>\n<p>&#8211; KOMPLEKSOWE WYKONANIE KANTORU W GALERII HANDLOWEJ COPRERNIKUS W TORUNIU  &#8211; 16,9m2<\/p>\n<p><strong>5.    ELEKTRO-SERWIS PSA OCHENTEL SP\u00d3\u0141KA JAWNA ul. Luboszycka 52 46-022 Zawada k.Opola &#8211; OG\u00d3LNOPOLSKA SIE\u0106 RESTAURACJI<\/strong><\/p>\n<p>&#8211; KOMPLEKSOWE WYKONANIE RESTAURACJI ORIENTALNEJ THAI EXPRES W GALERII SUDECKIEJ W JELENIEJ G\u00d3RZE \u201380,42m2<\/p>\n<p><strong>6.    DDD Sp. z o.o. ul.Brzozowa,  Radzyny, 64-530  Ka\u017amierz &#8211; OG\u00d3LNOPOLSKA SIE\u0106 RESTAURACJI<\/strong><\/p>\n<p>&#8211; KOMPLEKSOWE WYKONANIE RESTAURACJI BERLIN DONER KEBAP W GALERII KING CROSS W POZNANIU \u2013 42m2<\/p>\n<p><strong>7.    FIRMA HANDLOWO US\u0141UGOWA MONIKA POWALSKA Ko\u015bcielec 67, 88-170 Pako\u015b\u0107 &#8211; OG\u00d3LNOPOLSKA SIE\u0106 RESTAURACJI<\/strong><\/p>\n<p>&#8211; KOMPLEKSOWE WYKONANIE RESTAURACJI OLIMP W  GALERII COPERNICUS W TORUNIU \u2013 135m2<\/p>\n<p><strong>8.    P.P.H.U. \u201eYORIK\u201d S.C. ul. Berka Joselewicza 9\/13, 42-200 Cz\u0119stochowa &#8211; PRODUCENT I IMPORTER BIELIZNY DAMSKIEJ I M\u0118SKIEJ<\/strong><\/p>\n<p>&#8211; REMONT POMIESZCZE\u0143 BIUROWYCH W SIEDZIBIE FIRMY , 400 m2<\/p>\n<p><strong>9.    \u201eJULITA\u201d ZAK\u0141AD PRODUKCYJNO HANDLOWY Ul. D\u0119bi\u0144skiego 66 , 64-100 Leszno &#8211; OG\u00d3LNOPOLSKA SIE\u0106 SALON\u00d3W JUBILERSKICH (1 SKLEP)<\/strong><\/p>\n<p>&#8211; KOMPLEKSOWE WYKONANIE SALONU JULITA  W  GALERII KORONA KIELCE W KIELCACH  <strong>\u201363,8m2<\/strong><\/p>\n<p><strong>10.    \u201eJULITA\u201d ZAK\u0141AD PRODUKCYJNO HANDLOWY Ul. D\u0119bi\u0144skiego 66 , 64-100 Leszno &#8211; OG\u00d3LNOPOLSKA SIE\u0106 SALON\u00d3W JUBILERSKICH (2 SKLEP)<\/strong><\/p>\n<p>&#8211; KOMPLEKSOWE WYKONANIE SALONU JULITA  W  GALERII SUKCESJA W \u0141ODZI  \u2013 47,5m2<\/p>\n<p><strong>11.    \u201eJULITA\u201d ZAK\u0141AD PRODUKCYJNO HANDLOWY Ul. D\u0119bi\u0144skiego 66 , 64-100 Leszno &#8211; OG\u00d3LNOPOLSKA SIE\u0106 SALON\u00d3W JUBILERSKICH (3 SKLEP)<\/strong><\/p>\n<p>&#8211; KOMPLEKSOWE WYKONANIE SALONU JULITA  W  GALERII CUPRUM ARENA W LUBINIE  \u2013 41,2m2<\/p>\n<p><strong>12.    KLEYNOTY CHANTAL SLAVOMIR SMOLENAK POPRAD S\u0141OWACJA &#8211; SIE\u0106 SALON\u00d3W JUBILERSKICH NA S\u0141OWACJI (1 SKLEP)<\/strong><\/p>\n<p>&#8211; KOMPLEKSOWE WYKONANIE SALONU IZLATO W  GALERII MAXX W POPRADZIE NA S\u0141OWACJI  -45.m2<\/p>\n<p><strong>13.    \u201eJULITA\u201d ZAK\u0141AD PRODUKCYJNO HANDLOWY Ul. D\u0119bi\u0144skiego 66 , 64-100 Leszno &#8211; OG\u00d3LNOPOLSKA SIE\u0106 SALON\u00d3W JUBILERSKICH (4 SKLEP)<\/strong><\/p>\n<p>&#8211; KOMPLEKSOWE WYKONANIE SALONU JULITA  W  GALERII WARMI\u0143SKIEJ W OLSZTYNIE  \u2013 55,43m2<\/p>\n<p><strong>14.    \u201eJUBILER\u201d JERZY DOMBROWSKI Ul. Rynek 17, 77-100 Inowroc\u0142aw &#8211; OG\u00d3LNOPOLSKA SIE\u0106 SALON\u00d3W JUBILERSKICH<\/strong><\/p>\n<p>&#8211; KOMPLEKSOWE WYKONANIE SALONU \u201eBRILANT\u201d  W  GALERII ZIELONE ARKADY W BYDGOSZCZY \u201371 m2<\/p>\n<p><strong>15.    KLEYNOTY CHANTAL SLAVOMIR SMOLENAK POPRAD S\u0141OWACJA &#8211; SIE\u0106 SALON\u00d3W JUBILERSKICH NA S\u0141OWACJI (2 SKLEP)<\/strong><\/p>\n<p>&#8211; KOMPLEKSOWE WYKONANIE SALONU IZLATO W  GALERII FORUM W POPRADZIE NA S\u0141OWACJI  \u2013 67m2<\/p>\n<p><strong>16.    \u201eJULITA\u201d ZAK\u0141AD PRODUKCYJNO HANDLOWY Ul. D\u0119bi\u0144skiego 66 , 64-100 Leszno &#8211; OG\u00d3LNOPOLSKA SIE\u0106 SALON\u00d3W JUBILERSKICH ( 5 SKLEP)<\/strong><\/p>\n<p>&#8211; KOMPLEKSOWE WYKONANIE SALONU \u201eJULITA\u201d  W  GALERII ZIELONE ARKADY W BYDGOSZCZY \u2013 74,17m2<\/p>\n<p><strong>17.    EXG INWESTMENTS Ul. Ok\u00f3lna 103, 42-218 Cz\u0119stochowa &#8211; NAJWI\u0118KSZA SIE\u0106 KANTOR\u00d3W W POLSCE \u2013 GENERALNY I JEDYNY WYKONAWCA<\/strong><\/p>\n<p>&#8211; KOMPLEKSOWE WYKONANIE KANTORU W GALERII SUKCESJA W \u0141ODZI 14m2<\/p>\n<p><strong>18.    AREN ART RENATA BRZOZOWSKA Ul.Maroka\u0144ska 4m , 03-977 Warszawa &#8211; SIE\u0106 SALON\u00d3W JUBILERSKICH ( 2 SKLEP)<\/strong><\/p>\n<p>&#8211; KOMPLEKSOWE WYKONANIE SALONU \u201eAREN ART FOREVER\u201d  W  GALERII HANDLOWEJ ARKADIA W WARSZAWIE \u2013 53m2<\/p>\n<p><strong>19.    FIRMA HANDLOWO US\u0141UGOWA MONIKA POWALSKA Ko\u015bcielec 67,88-170 Pako\u015b\u0107 OG\u00d3LNOPOLSKA SIE\u0106 RESTAURACJI<\/strong><\/p>\n<p>&#8211; KOMPLEKSOWE WYKONANIE RESTAURACJI  SMAK&amp;WAG W GALERII BIELAWY W TORUNIU \u2013 78m2<\/p>\n<p><strong>20.    SALON OPTYCZNY MEDI-OPTIC Angelika Michalska  Moniuszki 2\/5 , 62-510 Konin \u2013 OG\u00d3LNOPOLSKA SIE\u0106 SALON\u00d3W OPTYCZNYCH<\/strong><\/p>\n<p>&#8211; KOMPLEKSOWE WYKONANIE SALONU W GALERII HANDLOWEJ KARUZELA &#8211; WRZE\u015aNIA<\/p>\n<p><strong>21.    KOMPLEKS ARTUR FR\u0104TCZAK Przyborowo 4 , 62-262 Fa\u0142kowo &#8211; OG\u00d3LNOPOLSKA SIE\u0106 KWIACIARNI ARTIS FLOWER<\/strong><\/p>\n<p>&#8211; KOMPLEKSOWE WYKONANIE SALONU W GALERII HANDLOWEJ KARUZELA &#8211; WRZE\u015aNIA<\/p>\n<p><strong>22.    FOOD SYSTEM S.C. UL.Grzybowska 87 , 00-844 Warszawa &#8211; O\u00d3LNOPOLSKA SIE\u0106 RESTAURACJI BERLIN DONER KEBAP<\/strong><\/p>\n<p>&#8211; KOMPLEKSOWE WYKONANIE RESTAURACJI W GALERII \u0141\u00d3DZKIEJ W \u0141ODZI<\/p>\n<p><strong>23.    \u201eJULITA\u201d ZAK\u0141AD PRODUKCYJNO HANDLOWY Ul. D\u0119bi\u0144skiego 66 , 64-100 Leszno &#8211; OG\u00d3LNOPOLSKA SIE\u0106 SALON\u00d3W JUBILERSKICH ( 6 SKLEP)<\/strong><\/p>\n<p>&#8211; KOMPLEKSOWE WYKONANIE SALONU \u201eJULITA\u201d  W  GALERII POSNANIA W POZNANIU<\/p>\n<p><strong>24.    DIB MICHA\u0141 ZABOST Lipowa 51\/3 90-630 \u0141\u00f3d\u017a<\/strong><\/p>\n<p>&#8211; KOMPLEKSOWE WYKONANIE SALONU FIRMOWEGO  ZIAJA W GALERII HANDLOWEJ TOMASZ\u00d3W W TOMASZOWIE MAZOWIECKIM<\/p>\n<p><strong>25.    EDOS Sp. z o.o. ul Strzyg\u0142owska 73 h , 04-872 Warszawa &#8211; O\u00d3LNOPOLSKA SIE\u0106 RESTAURACJI BERLIN DONER KEBAP<\/strong><\/p>\n<p>&#8211; KOMPLEKSOWE WYKONANIE RESTAURACJI W GALERII WO\u0141OMIN W WO\u0141OMINIE<\/p>\n<p><strong>26.    ORNAMENT Sp. z o.o. UL. Borowa 17 05-506 Wilcza G\u00f3ra<\/strong><\/p>\n<p>&#8211; KOMPLEKSOWY REMONT SALONU JUBILERSKIEGO \u015aWIAT Z\u0141OTA W GALERII HANDLOWEJ Z\u0141OTE TARASY W WARSZAWIE<\/p>\n<p><strong>27.    P.A.T. BUGA\u0141A sp. z o.o. ul. Legion\u00f3w 98 , 42-200 Cz\u0119stochowie &#8211; PRODUKCJA, IMPORT, HANDEL MASZYN, URZ\u0104DZE\u0143 DO OBR\u00d3BKI Z\u0141OTA I SREBRA, PRODUKCJA EKSKLUZYWNYCH MEBLI DO SALON\u00d3W JUBILERSKICH<\/strong><\/p>\n<p>&#8211; PRACE WYKO\u0143CZENIOWE POMIESZCZE\u0143 BIUROWYCH WNOWEJ  SIEDZIBIE FIRMY , 600 m2<\/p>\n<p><strong>28.    PO\u015aREDNICTWO HANDLOWE MARIA KOWALCZYK Ul.D\u0105br\u00f3wki 14\/6 92-413 \u0141\u00f3d\u017a<\/strong><\/p>\n<p>&#8211; KOMPLEKSOWE WYKONANIE SALONU FIRMOWEGO  ZIAJA W C.H.PTAK w Rzgowie k.\u0142odzi<\/p>\n<p><strong>29.     AREN ART RENATA BRZOZOWSKA Ul.Maroka\u0144ska 4m , 03-977 Warszawa &#8211;  SIE\u0106 SALON\u00d3W JUBILERSKICH ( 3 SKLEP)<\/strong><\/p>\n<p>&#8211; KOMPLEKSOWE WYKONANIE SALONU \u201eAREN ART FOREVER\u201d W  GALERII HANDLOWEJ Z\u0141OTE TARASY W WARSZAWIE<\/p>\n<p><strong>30.    ELWISTASIAK Ul.Poroni\u0144ska 13A\/1 71-023 Szczecin &#8211; O\u00d3LNOPOLSKA SIE\u0106 RESTAURACJI BERLIN DONER KEBAP<\/strong><\/p>\n<p>&#8211; KOMPLEKSOWE WYKONANIE RESTAURACJI W GALERII ZAKOPIANKA W KRAKOWIE<\/p>\n<p><strong>31.    KIK S.C. Ul. Kaspra Dru\u017cbickiego 2\/216 , 61693 Pozna\u0144 &#8211; O\u00d3LNOPOLSKA SIE\u0106 RESTAURACJI BERLIN DONER KEBAP<\/strong><\/p>\n<p>&#8211; KOMPLEKSOWE WYKONANIE RESTAURACJI W GALERII PLAZA W POZNANIU<\/p>\n<p><strong>32.    P.A.T. BUGA\u0141A sp. z o.o. ul.Legion\u00f3w 100 42-200 Cz\u0119stochowa<\/strong><\/p>\n<p>&#8211; KOMPLEKSOWE WYKONANIE SALONU JUBILERSKIEGO \u0141ODZI\u0143SCY W GALERII HANDLOWEJ SERENADA W KRAKOWIE<\/p>\n<p><strong>33.    P.A.T. BUGA\u0141A sp. z o.o. ul.Legion\u00f3w 100 42-200 Cz\u0119stochowa<\/strong><\/p>\n<p>&#8211; KOMPLEKSOWE WYKONANIE SALONU JUBILERSKIEGO SEZAM W GALERII HANDLOWEJ VIVO W KRO\u015aNIE<\/p>\n<p><strong>34.    MINI MAX E.M.J.S. LANGOWSCY SP\u00d3\u0141KA JAWNA ul. Ciasna 7 , 22-100 Gda\u0144sk<\/strong><\/p>\n<p>&#8211; KOMPLEKSOWE WYKONANIE SALONU JUBILERSKIEGO YES BI\u017bUTERIA W GALERII BA\u0141TYCKIEJ W GDA\u0143SKU<\/p>\n<p><strong>35.    KIK S.C. Ul. Kaspra Dru\u017cbickiego 2\/216 , 61693 Pozna\u0144 &#8211; O\u00d3LNOPOLSKA SIE\u0106 RESTAURACJI BERLIN DONER KEBAP<\/strong><\/p>\n<p>&#8211; KOMPLEKSOWE WYKONANIE RESTAURACJI W CENTRUM HANDLOWYM AUCHAN W KOMORNIKACH<\/p>\n<p><strong>36.    RINDE SP. Z O.O. SP\u00d3\u0141KA KOMANDYTOWA Ul.Stefana Batorego 26 43-200 Pszczyna &#8211; O\u00d3LNOPOLSKA SIE\u0106 RESTAURACJI BERLIN DONER KEBAP<\/strong><\/p>\n<p>&#8211; KOMPLEKSOWE WYKONANIE RESTAURACJI W CENTRUM HANDLOWYM M1 W ZABRZU<\/p>\n<p><strong>37.    YORIK SOUTH s.r.o. Plickova 553\/21 149 00 Praha Haje<\/strong><\/p>\n<p>&#8211; KOMPLEKSOWE PRACE REMONTOWE W FIRMOWYM SALONIE INTIMIDAO W OSTRAWIE<\/p>\n<p><strong>38.    ARTIS FLOVER Sp. z o.o. ul.Adama Mickiewicza 21D 60-025 Kostzryn &#8211; OG\u00d3LNOPOLSKA SIE\u0106 KWIACIARNI ARTIS FLOWER<\/strong><\/p>\n<p>&#8211; KOMPLEKSOWE WYKONANIE SALONU W GALERII HANDLOWEJ PIASTOVA W GNIE\u0179NIE<\/p>\n<p><strong>39.    MK FOOD S.C. ul. Przybyszewskiego 2\/1 71-277 Szczecin &#8211; O\u00d3LNOPOLSKA SIE\u0106 RESTAURACJI BERLIN DONER KEBAP<\/strong><\/p>\n<p>&#8211; KOMPLEKSOWE WYKONANIE RESTAURACJI W CENTRUM HANDLOWYM RIVIERA W GDYNI<\/p>\n<p><strong>40.    P.A.T. BUGA\u0141A sp. z o.o. ul.Legion\u00f3w 98 42-200 Cz\u0119stochowa<\/strong><\/p>\n<p>&#8211; KOMPLEKSOWE WYKONANIE SALONU JUBILERSKIEGO \u015aWIAT Z\u0141OTA W GALERII JANKI W JANKACH<\/p>\n<p><strong>41.    TEB EDUKACJA  Al. Niepodleglo\u015bci 2 61-874 Pozna\u0144<\/strong><\/p>\n<p>&#8211; PRACE REMNTOWE POMIESZCZE\u0143 SZKOLNYCH W CZ\u0118STOCHOWIE<\/p>\n[\/et_pb_text][\/et_pb_column][\/et_pb_row][\/et_pb_section]\n","protected":false},"excerpt":{"rendered":"<p>1. P.A.T. BUGA\u0141A sp. z o.o. ul. Legion\u00f3w 100 , 42-200&#8230;<\/p>\n","protected":false},"author":1,"featured_media":0,"parent":0,"menu_order":0,"comment_status":"closed","ping_status":"closed","template":"page-templates\/full-width.php","meta":{"_et_pb_use_builder":"on","_et_pb_old_content":"","_et_gb_content_width":"","ngg_post_thumbnail":0,"footnotes":""},"class_list":["post-1125","page","type-page","status-publish","hentry"],"_links":{"self":[{"href":"https:\/\/panelsc.pl\/index.php?rest_route=\/wp\/v2\/pages\/1125","targetHints":{"allow":["GET"]}}],"collection":[{"href":"https:\/\/panelsc.pl\/index.php?rest_route=\/wp\/v2\/pages"}],"about":[{"href":"https:\/\/panelsc.pl\/index.php?rest_route=\/wp\/v2\/types\/page"}],"author":[{"embeddable":true,"href":"https:\/\/panelsc.pl\/index.php?rest_route=\/wp\/v2\/users\/1"}],"replies":[{"embeddable":true,"href":"https:\/\/panelsc.pl\/index.php?rest_route=%2Fwp%2Fv2%2Fcomments&post=1125"}],"version-history":[{"count":5,"href":"https:\/\/panelsc.pl\/index.php?rest_route=\/wp\/v2\/pages\/1125\/revisions"}],"predecessor-version":[{"id":1134,"href":"https:\/\/panelsc.pl\/index.php?rest_route=\/wp\/v2\/pages\/1125\/revisions\/1134"}],"wp:attachment":[{"href":"https:\/\/panelsc.pl\/index.php?rest_route=%2Fwp%2Fv2%2Fmedia&parent=1125"}],"curies":[{"name":"wp","href":"https:\/\/api.w.org\/{rel}","templated":true}]}}